{"id":2,"date":"2010-04-20T22:12:20","date_gmt":"2010-04-20T22:12:20","guid":{"rendered":"http:\/\/gordinez.com.br\/blog\/?page_id=2"},"modified":"2011-09-04T19:08:10","modified_gmt":"2011-09-04T19:08:10","slug":"sobre","status":"publish","type":"page","link":"https:\/\/gordinez.com.br\/blog\/?page_id=2","title":{"rendered":"Sobre"},"content":{"rendered":"<p>Vou usar esse blog para contar ao meu futuro filho as coisas que seus pais faziam.. e tambem para relembrar as vezes o que fizemos..<\/p>\n<p>No inicio de 2011 tentarei fazer um resgate hist\u00f3rico de alguns momentos da minha vida..<\/p>\n<p>Comecei a fazer esse blog em mar\u00e7o de 2010 e espero continuar escrevendo nele sempre que der. Neste mesmo ano estudei bastante sobre fotografia pois \u00e9 uma \u00e1rea que gosto muito e a partir de 2011 entrei para o mundo da gastronomia com um foco em ser chef de cozinha (profissionalmente ou n\u00e3o).<\/p>\n","protected":false},"excerpt":{"rendered":"<p>Vou usar esse blog para contar ao meu futuro filho as coisas que seus pais faziam.. e tambem para relembrar as vezes o que fizemos.. No inicio de 2011 tentarei fazer um resgate hist\u00f3rico de alguns momentos da minha vida.. Comecei a fazer esse blog em mar\u00e7o de 2010 e espero continuar escrevendo nele sempre [&hellip;]<\/p>\n","protected":false},"author":2,"featured_media":0,"parent":0,"menu_order":0,"comment_status":"open","ping_status":"open","template":"","meta":{"footnotes":""},"class_list":["post-2","page","type-page","status-publish","hentry"],"_links":{"self":[{"href":"https:\/\/gordinez.com.br\/blog\/index.php?rest_route=\/wp\/v2\/pages\/2","targetHints":{"allow":["GET"]}}],"collection":[{"href":"https:\/\/gordinez.com.br\/blog\/index.php?rest_route=\/wp\/v2\/pages"}],"about":[{"href":"https:\/\/gordinez.com.br\/blog\/index.php?rest_route=\/wp\/v2\/types\/page"}],"author":[{"embeddable":true,"href":"https:\/\/gordinez.com.br\/blog\/index.php?rest_route=\/wp\/v2\/users\/2"}],"replies":[{"embeddable":true,"href":"https:\/\/gordinez.com.br\/blog\/index.php?rest_route=%2Fwp%2Fv2%2Fcomments&post=2"}],"version-history":[{"count":5,"href":"https:\/\/gordinez.com.br\/blog\/index.php?rest_route=\/wp\/v2\/pages\/2\/revisions"}],"predecessor-version":[{"id":85,"href":"https:\/\/gordinez.com.br\/blog\/index.php?rest_route=\/wp\/v2\/pages\/2\/revisions\/85"}],"wp:attachment":[{"href":"https:\/\/gordinez.com.br\/blog\/index.php?rest_route=%2Fwp%2Fv2%2Fmedia&parent=2"}],"curies":[{"name":"wp","href":"https:\/\/api.w.org\/{rel}","templated":true}]}}